{"id":210,"date":"2025-07-08T19:53:29","date_gmt":"2025-07-08T19:53:29","guid":{"rendered":"https:\/\/mrphotography.lu\/?page_id=210"},"modified":"2026-01-18T10:22:52","modified_gmt":"2026-01-18T10:22:52","slug":"welcome","status":"publish","type":"page","link":"https:\/\/mrphotography.lu\/lu\/","title":{"rendered":"W\u00ebllkomm"},"content":{"rendered":"<div data-elementor-type=\"wp-page\" data-elementor-id=\"210\" class=\"elementor elementor-210\">\n\t\t\t\t<div class=\"elementor-element elementor-element-d076b24 e-flex e-con-boxed e-con e-parent\" data-id=\"d076b24\" data-element_type=\"container\">\n\t\t\t\t\t<div class=\"e-con-inner\">\n\t\t\t\t\t<\/div>\n\t\t\t\t<\/div>\n\t\t<div class=\"elementor-element elementor-element-2f71a19 e-flex e-con-boxed e-con e-parent\" data-id=\"2f71a19\" data-element_type=\"container\">\n\t\t\t\t\t<div class=\"e-con-inner\">\n\t\t\t\t<div class=\"elementor-element elementor-element-6873015 elementor-widget__width-initial elementor-arrows-position-inside elementor-pagination-position-outside elementor-invisible elementor-widget elementor-widget-image-carousel\" data-id=\"6873015\" data-element_type=\"widget\" data-settings=\"{&quot;lazyload&quot;:&quot;yes&quot;,&quot;_animation&quot;:&quot;zoomIn&quot;,&quot;navigation&quot;:&quot;both&quot;,&quot;autoplay&quot;:&quot;yes&quot;,&quot;pause_on_hover&quot;:&quot;yes&quot;,&quot;pause_on_interaction&quot;:&quot;yes&quot;,&quot;autoplay_speed&quot;:5000,&quot;infinite&quot;:&quot;yes&quot;,&quot;speed&quot;:500}\" data-widget_type=\"image-carousel.default\">\n\t\t\t\t\t\t\t<div class=\"elementor-image-carousel-wrapper swiper\" role=\"region\" aria-roledescription=\"carousel\" aria-label=\"Image Carousel\" dir=\"ltr\">\n\t\t\t<div class=\"elementor-image-carousel swiper-wrapper\" aria-live=\"off\">\n\t\t\t\t\t\t\t\t<div class=\"swiper-slide\" role=\"group\" aria-roledescription=\"slide\" aria-label=\"1 of 11\"><figure class=\"swiper-slide-inner\"><img class=\"swiper-slide-image swiper-lazy\" data-src=\"https:\/\/i0.wp.com\/mrphotography.lu\/wp-content\/uploads\/2025\/09\/DSC05481-scaled.jpg?fit=1707%2C2560&amp;ssl=1\" alt=\"DSC05481\" \/><div class=\"swiper-lazy-preloader\"><\/div><\/figure><\/div><div class=\"swiper-slide\" role=\"group\" aria-roledescription=\"slide\" aria-label=\"2 of 11\"><figure class=\"swiper-slide-inner\"><img class=\"swiper-slide-image swiper-lazy\" data-src=\"https:\/\/i0.wp.com\/mrphotography.lu\/wp-content\/uploads\/2025\/09\/COQUE-noWatermark-16.jpg?fit=1365%2C2048&amp;ssl=1\" alt=\"COQUE-noWatermark-16\" \/><div class=\"swiper-lazy-preloader\"><\/div><\/figure><\/div><div class=\"swiper-slide\" role=\"group\" aria-roledescription=\"slide\" aria-label=\"3 of 11\"><figure class=\"swiper-slide-inner\"><img class=\"swiper-slide-image swiper-lazy\" data-src=\"https:\/\/i0.wp.com\/mrphotography.lu\/wp-content\/uploads\/2025\/07\/DSC04311-1-scaled.jpg?fit=1707%2C2560&amp;ssl=1\" alt=\"DSC04311\" \/><div class=\"swiper-lazy-preloader\"><\/div><\/figure><\/div><div class=\"swiper-slide\" role=\"group\" aria-roledescription=\"slide\" aria-label=\"4 of 11\"><figure class=\"swiper-slide-inner\"><img class=\"swiper-slide-image swiper-lazy\" data-src=\"https:\/\/i0.wp.com\/mrphotography.lu\/wp-content\/uploads\/2025\/09\/DSC05443-scaled.jpg?fit=1707%2C2560&amp;ssl=1\" alt=\"DSC05443\" \/><div class=\"swiper-lazy-preloader\"><\/div><\/figure><\/div><div class=\"swiper-slide\" role=\"group\" aria-roledescription=\"slide\" aria-label=\"5 of 11\"><figure class=\"swiper-slide-inner\"><img class=\"swiper-slide-image swiper-lazy\" data-src=\"https:\/\/i0.wp.com\/mrphotography.lu\/wp-content\/uploads\/2025\/07\/Amsterdam2024-08-scaled.jpg?fit=1707%2C2560&amp;ssl=1\" alt=\"Amsterdam2024-08\" \/><div class=\"swiper-lazy-preloader\"><\/div><\/figure><\/div><div class=\"swiper-slide\" role=\"group\" aria-roledescription=\"slide\" aria-label=\"6 of 11\"><figure class=\"swiper-slide-inner\"><img class=\"swiper-slide-image swiper-lazy\" data-src=\"https:\/\/i0.wp.com\/mrphotography.lu\/wp-content\/uploads\/2025\/09\/COQUE-noWatermark-24.jpg?fit=1365%2C2048&amp;ssl=1\" alt=\"COQUE-noWatermark-24\" \/><div class=\"swiper-lazy-preloader\"><\/div><\/figure><\/div><div class=\"swiper-slide\" role=\"group\" aria-roledescription=\"slide\" aria-label=\"7 of 11\"><figure class=\"swiper-slide-inner\"><img class=\"swiper-slide-image swiper-lazy\" data-src=\"https:\/\/i0.wp.com\/mrphotography.lu\/wp-content\/uploads\/2025\/07\/Amsterdam2024-11-scaled.jpg?fit=1707%2C2560&amp;ssl=1\" alt=\"Amsterdam2024-11\" \/><div class=\"swiper-lazy-preloader\"><\/div><\/figure><\/div><div class=\"swiper-slide\" role=\"group\" aria-roledescription=\"slide\" aria-label=\"8 of 11\"><figure class=\"swiper-slide-inner\"><img class=\"swiper-slide-image swiper-lazy\" data-src=\"https:\/\/i0.wp.com\/mrphotography.lu\/wp-content\/uploads\/2025\/07\/DSC05766-2-scaled.jpg?fit=1707%2C2560&amp;ssl=1\" alt=\"DSC05766-2\" \/><div class=\"swiper-lazy-preloader\"><\/div><\/figure><\/div><div class=\"swiper-slide\" role=\"group\" aria-roledescription=\"slide\" aria-label=\"9 of 11\"><figure class=\"swiper-slide-inner\"><img class=\"swiper-slide-image swiper-lazy\" data-src=\"https:\/\/i0.wp.com\/mrphotography.lu\/wp-content\/uploads\/2025\/07\/DSC03117-scaled.jpg?fit=1707%2C2560&amp;ssl=1\" alt=\"DSC03117\" \/><div class=\"swiper-lazy-preloader\"><\/div><\/figure><\/div><div class=\"swiper-slide\" role=\"group\" aria-roledescription=\"slide\" aria-label=\"10 of 11\"><figure class=\"swiper-slide-inner\"><img class=\"swiper-slide-image swiper-lazy\" data-src=\"https:\/\/i0.wp.com\/mrphotography.lu\/wp-content\/uploads\/2025\/07\/DSC05740-scaled.jpg?fit=1707%2C2560&amp;ssl=1\" alt=\"DSC05740\" \/><div class=\"swiper-lazy-preloader\"><\/div><\/figure><\/div><div class=\"swiper-slide\" role=\"group\" aria-roledescription=\"slide\" aria-label=\"11 of 11\"><figure class=\"swiper-slide-inner\"><img class=\"swiper-slide-image swiper-lazy\" data-src=\"https:\/\/i0.wp.com\/mrphotography.lu\/wp-content\/uploads\/2025\/07\/DSC02315.jpg?fit=1536%2C2304&amp;ssl=1\" alt=\"DSC02315\" \/><div class=\"swiper-lazy-preloader\"><\/div><\/figure><\/div>\t\t\t<\/div>\n\t\t\t\t\t\t\t\t\t\t\t\t<div class=\"elementor-swiper-button elementor-swiper-button-prev\" role=\"button\" tabindex=\"0\">\n\t\t\t\t\t\t<svg aria-hidden=\"true\" class=\"e-font-icon-svg e-eicon-chevron-left\" viewbox=\"0 0 1000 1000\" xmlns=\"http:\/\/www.w3.org\/2000\/svg\"><path d=\"M646 125C629 125 613 133 604 142L308 442C296 454 292 471 292 487 292 504 296 521 308 533L604 854C617 867 629 875 646 875 663 875 679 871 692 858 704 846 713 829 713 812 713 796 708 779 692 767L438 487 692 225C700 217 708 204 708 187 708 171 704 154 692 142 675 129 663 125 646 125Z\"><\/path><\/svg>\t\t\t\t\t<\/div>\n\t\t\t\t\t<div class=\"elementor-swiper-button elementor-swiper-button-next\" role=\"button\" tabindex=\"0\">\n\t\t\t\t\t\t<svg aria-hidden=\"true\" class=\"e-font-icon-svg e-eicon-chevron-right\" viewbox=\"0 0 1000 1000\" xmlns=\"http:\/\/www.w3.org\/2000\/svg\"><path d=\"M696 533C708 521 713 504 713 487 713 471 708 454 696 446L400 146C388 133 375 125 354 125 338 125 325 129 313 142 300 154 292 171 292 187 292 204 296 221 308 233L563 492 304 771C292 783 288 800 288 817 288 833 296 850 308 863 321 871 338 875 354 875 371 875 388 867 400 854L696 533Z\"><\/path><\/svg>\t\t\t\t\t<\/div>\n\t\t\t\t\n\t\t\t\t\t\t\t\t\t<div class=\"swiper-pagination\"><\/div>\n\t\t\t\t\t\t\t\t\t<\/div>\n\t\t\t\t\t\t<\/div>\n\t\t\t\t\t<\/div>\n\t\t\t\t<\/div>\n\t\t<div class=\"elementor-element elementor-element-6a5fc236 e-con-full e-flex e-con e-parent\" data-id=\"6a5fc236\" data-element_type=\"container\">\n\t\t\t\t<div class=\"elementor-element elementor-element-fced37f elementor-widget-divider--view-line elementor-widget elementor-widget-divider\" data-id=\"fced37f\" data-element_type=\"widget\" data-widget_type=\"divider.default\">\n\t\t\t\t\t\t\t<div class=\"elementor-divider\">\n\t\t\t<span class=\"elementor-divider-separator\">\n\t\t\t\t\t\t<\/span>\n\t\t<\/div>\n\t\t\t\t\t\t<\/div>\n\t\t\t\t<\/div>\n\t\t<div class=\"elementor-element elementor-element-b66326f e-grid e-con-boxed e-con e-parent\" data-id=\"b66326f\" data-element_type=\"container\">\n\t\t\t\t\t<div class=\"e-con-inner\">\n\t\t\t\t<div class=\"elementor-element elementor-element-a2915dc e-transform e-transform elementor-invisible elementor-widget elementor-widget-image\" data-id=\"a2915dc\" data-element_type=\"widget\" data-settings=\"{&quot;_animation&quot;:&quot;zoomIn&quot;,&quot;_transform_translateX_effect&quot;:{&quot;unit&quot;:&quot;px&quot;,&quot;size&quot;:0,&quot;sizes&quot;:[]},&quot;_transform_scale_effect&quot;:{&quot;unit&quot;:&quot;px&quot;,&quot;size&quot;:0.7,&quot;sizes&quot;:[]},&quot;_transform_translateX_effect_tablet&quot;:{&quot;unit&quot;:&quot;px&quot;,&quot;size&quot;:&quot;&quot;,&quot;sizes&quot;:[]},&quot;_transform_translateX_effect_mobile&quot;:{&quot;unit&quot;:&quot;px&quot;,&quot;size&quot;:&quot;&quot;,&quot;sizes&quot;:[]},&quot;_transform_translateY_effect&quot;:{&quot;unit&quot;:&quot;px&quot;,&quot;size&quot;:&quot;&quot;,&quot;sizes&quot;:[]},&quot;_transform_translateY_effect_tablet&quot;:{&quot;unit&quot;:&quot;px&quot;,&quot;size&quot;:&quot;&quot;,&quot;sizes&quot;:[]},&quot;_transform_translateY_effect_mobile&quot;:{&quot;unit&quot;:&quot;px&quot;,&quot;size&quot;:&quot;&quot;,&quot;sizes&quot;:[]},&quot;_transform_scale_effect_tablet&quot;:{&quot;unit&quot;:&quot;px&quot;,&quot;size&quot;:&quot;&quot;,&quot;sizes&quot;:[]},&quot;_transform_scale_effect_mobile&quot;:{&quot;unit&quot;:&quot;px&quot;,&quot;size&quot;:&quot;&quot;,&quot;sizes&quot;:[]}}\" data-widget_type=\"image.default\">\n\t\t\t\t\t\t\t\t\t\t\t\t\t\t\t<img fetchpriority=\"high\" decoding=\"async\" width=\"682\" height=\"1024\" src=\"https:\/\/i0.wp.com\/mrphotography.lu\/wp-content\/uploads\/2026\/01\/WhatsApp-Image-2025-10-24-20.35.35.jpeg?fit=682%2C1024&amp;ssl=1\" class=\"attachment-large size-large wp-image-537\" alt=\"\" srcset=\"https:\/\/i0.wp.com\/mrphotography.lu\/wp-content\/uploads\/2026\/01\/WhatsApp-Image-2025-10-24-20.35.35.jpeg?w=853&amp;ssl=1 853w, https:\/\/i0.wp.com\/mrphotography.lu\/wp-content\/uploads\/2026\/01\/WhatsApp-Image-2025-10-24-20.35.35.jpeg?resize=200%2C300&amp;ssl=1 200w, https:\/\/i0.wp.com\/mrphotography.lu\/wp-content\/uploads\/2026\/01\/WhatsApp-Image-2025-10-24-20.35.35.jpeg?resize=682%2C1024&amp;ssl=1 682w, https:\/\/i0.wp.com\/mrphotography.lu\/wp-content\/uploads\/2026\/01\/WhatsApp-Image-2025-10-24-20.35.35.jpeg?resize=768%2C1152&amp;ssl=1 768w, https:\/\/i0.wp.com\/mrphotography.lu\/wp-content\/uploads\/2026\/01\/WhatsApp-Image-2025-10-24-20.35.35.jpeg?resize=8%2C12&amp;ssl=1 8w, https:\/\/i0.wp.com\/mrphotography.lu\/wp-content\/uploads\/2026\/01\/WhatsApp-Image-2025-10-24-20.35.35.jpeg?resize=800%2C1200&amp;ssl=1 800w\" sizes=\"(max-width: 682px) 100vw, 682px\" \/>\t\t\t\t\t\t\t\t\t\t\t\t\t\t\t<\/div>\n\t\t\t\t<div class=\"elementor-element elementor-element-90c607e elementor-invisible elementor-widget elementor-widget-text-editor\" data-id=\"90c607e\" data-element_type=\"widget\" data-settings=\"{&quot;_animation&quot;:&quot;zoomIn&quot;,&quot;_animation_delay&quot;:300}\" data-widget_type=\"text-editor.default\">\n\t\t\t\t\t\t\t\t\t<p>\u00a0<\/p>\n<p>\u00a0<\/p>\n<p>\u00a0<\/p>\n<div class=\"wp-block-column\" style=\"flex-basis: 33.33%;\">\n<figure class=\"wp-block-gallery aligncenter has-nested-images columns-default is-cropped\">\n<figure class=\"wp-block-image size-large is-style-default\">\n<div class=\"wp-block-columns\">\n<div class=\"wp-block-column\" style=\"flex-basis: 33.33%;\">\n<figure class=\"wp-block-gallery aligncenter has-nested-images columns-default is-cropped\">\n<figure class=\"wp-block-image size-large is-style-default\">\n<p style=\"text-align: center;\">Salut, ech sinn de Mike Rocha, e Fotograf aus L\u00ebtzebuerg mat enger grousser Passioun fir d'Sportfotografie.\nEch hu mech drop spezialis\u00e9iert, d'Dynamik, d'Emotiounen an d\u00e9i entscheedend Momenter an all Bild festzehalen.\nEgal ob et \u00ebm s\u00e9ier Aktiounen um Terrain geet oder \u00ebm d'Intensit\u00e9it vun engem eenzele Sportler \u2013 m\u00e4in Zil ass et, d'Energie an d'Ambiance vum Sport op eng authentesch Aart a Weis ze verm\u00ebttelen.<\/p>\n<p style=\"text-align: center;\">Nieft der Sportfotografie, hunn ech och aner Ber\u00e4icher entdeckt, dor\u00ebnner Eventfotografie, Portraiten an Landschaftsbiller.\nMat menger Sony-Ausr\u00fcstung a menger Auswiel u qualitativ h\u00e9ichw\u00e4ertege Objektiver versiche ech, all Zeen mat Pr\u00e4zisioun a Kreativit\u00e9it zum Liewe ze br\u00e9ngen.<\/p>\n<p style=\"text-align: center;\">Kuck dir g\u00e4ren meng Aarbechten un \u2013 ech sinn \u00ebmmer oppen fir nei Projeten a Collaboratiounen!<\/p>\n<\/figure>\n<\/figure>\n<\/div>\n<\/div>\n<\/figure>\n<\/figure>\n<\/div>\n<p><!-- \/wp:paragraph --><\/p>\t\t\t\t\t\t\t\t<\/div>\n\t\t\t\t\t<\/div>\n\t\t\t\t<\/div>\n\t\t\t\t<\/div>","protected":false},"excerpt":{"rendered":"<p>\u00a0 \u00a0 \u00a0 Hi, I\u2019m Mike Rocha, a photographer based in Luxembourg with a deep passion for sports photography. I specialize in capturing the dynamics, emotions, and decisive moments in every shot. Whether it\u2019s the fast-paced action on the field or the intensity of an individual athlete, my goal is to authentically convey the energy and atmosphere of sports. Beyond sports photography, I also explore other fields, including event, portrait, and landscape photography. With my Sony equipment and a selection [&hellip;]<\/p>","protected":false},"author":2,"featured_media":0,"parent":0,"menu_order":0,"comment_status":"closed","ping_status":"closed","template":"","meta":{"footnotes":""},"class_list":["post-210","page","type-page","status-publish","hentry"],"jetpack_sharing_enabled":true,"_links":{"self":[{"href":"https:\/\/mrphotography.lu\/lu\/wp-json\/wp\/v2\/pages\/210","targetHints":{"allow":["GET"]}}],"collection":[{"href":"https:\/\/mrphotography.lu\/lu\/wp-json\/wp\/v2\/pages"}],"about":[{"href":"https:\/\/mrphotography.lu\/lu\/wp-json\/wp\/v2\/types\/page"}],"author":[{"embeddable":true,"href":"https:\/\/mrphotography.lu\/lu\/wp-json\/wp\/v2\/users\/2"}],"replies":[{"embeddable":true,"href":"https:\/\/mrphotography.lu\/lu\/wp-json\/wp\/v2\/comments?post=210"}],"version-history":[{"count":42,"href":"https:\/\/mrphotography.lu\/lu\/wp-json\/wp\/v2\/pages\/210\/revisions"}],"predecessor-version":[{"id":540,"href":"https:\/\/mrphotography.lu\/lu\/wp-json\/wp\/v2\/pages\/210\/revisions\/540"}],"wp:attachment":[{"href":"https:\/\/mrphotography.lu\/lu\/wp-json\/wp\/v2\/media?parent=210"}],"curies":[{"name":"wp","href":"https:\/\/api.w.org\/{rel}","templated":true}]}}